{"id":107,"date":"2025-08-12T13:42:30","date_gmt":"2025-08-12T10:42:30","guid":{"rendered":"https:\/\/www.ranta-kivi.fi\/?page_id=107"},"modified":"2025-08-12T14:07:01","modified_gmt":"2025-08-12T11:07:01","slug":"yhteystiedot","status":"publish","type":"page","link":"https:\/\/www.ranta-kivi.fi\/?page_id=107","title":{"rendered":"Yhteystiedot"},"content":{"rendered":"\n<p>Fixus<\/p>\n\n\n\n<p>Aukioloajat:<\/p>\n\n\n\n<p>Puh:<\/p>\n\n\n\n<p><\/p>\n\n\n\n<p>Kahvio<\/p>\n\n\n\n<p>Aukioloajat:<\/p>\n\n\n\n<p>Puh:<\/p>\n\n\n\n<p><\/p>\n\n\n\n<p>Jyv\u00e4skyl\u00e4ntie 34<\/p>\n\n\n\n<p>43100 Saarij\u00e4rvi<\/p>\n\n\n\n<div class=\"wp-block-superb-addons-google-maps\"><div class=\"superbaddons-google-maps-block\" style=\"border-radius:0%;height:300px\"><iframe loading=\"lazy\" width=\"100%\" height=\"300px\" frameborder=\"0\" margin=\"0\" padding=\"0\" referrerpolicy=\"no-referrer-when-downgrade\" src=\"https:\/\/maps.google.com\/maps?width=100%&amp;height=100%&amp;q=Jyv\u00e4skyl\u00e4ntie 34  43100 Saarij\u00e4rvi&amp;t=&amp;z=8&amp;hl=en&amp;ie=UTF8&amp;iwloc=B&amp;output=embed\"><\/iframe><\/div><\/div>\n","protected":false},"excerpt":{"rendered":"<p>Fixus Aukioloajat: Puh: Kahvio Aukioloajat: Puh: Jyv\u00e4skyl\u00e4ntie 34 43100 Saarij\u00e4rvi<\/p>\n","protected":false},"author":1,"featured_media":0,"parent":0,"menu_order":0,"comment_status":"closed","ping_status":"closed","template":"","meta":{"footnotes":""},"class_list":["post-107","page","type-page","status-publish","hentry"],"yoast_head":"<!-- This site is optimized with the Yoast SEO plugin v27.3 - https:\/\/yoast.com\/product\/yoast-seo-wordpress\/ -->\n<title>Yhteystiedot - Ranta-Kivi<\/title>\n<meta name=\"robots\" content=\"index, follow, max-snippet:-1, max-image-preview:large, max-video-preview:-1\" \/>\n<link rel=\"canonical\" href=\"https:\/\/www.ranta-kivi.fi\/?page_id=107\" \/>\n<meta property=\"og:locale\" content=\"en_US\" \/>\n<meta property=\"og:type\" content=\"article\" \/>\n<meta property=\"og:title\" content=\"Yhteystiedot - Ranta-Kivi\" \/>\n<meta property=\"og:description\" content=\"Fixus Aukioloajat: Puh: Kahvio Aukioloajat: Puh: Jyv\u00e4skyl\u00e4ntie 34 43100 Saarij\u00e4rvi\" \/>\n<meta property=\"og:url\" content=\"https:\/\/www.ranta-kivi.fi\/?page_id=107\" \/>\n<meta property=\"og:site_name\" content=\"Ranta-Kivi\" \/>\n<meta property=\"article:modified_time\" content=\"2025-08-12T11:07:01+00:00\" \/>\n<meta name=\"twitter:card\" content=\"summary_large_image\" \/>\n<meta name=\"twitter:label1\" content=\"Est. reading time\" \/>\n\t<meta name=\"twitter:data1\" content=\"1 minute\" \/>\n<script type=\"application\/ld+json\" class=\"yoast-schema-graph\">{\"@context\":\"https:\\\/\\\/schema.org\",\"@graph\":[{\"@type\":\"WebPage\",\"@id\":\"https:\\\/\\\/www.ranta-kivi.fi\\\/?page_id=107\",\"url\":\"https:\\\/\\\/www.ranta-kivi.fi\\\/?page_id=107\",\"name\":\"Yhteystiedot - Ranta-Kivi\",\"isPartOf\":{\"@id\":\"https:\\\/\\\/www.ranta-kivi.fi\\\/#website\"},\"datePublished\":\"2025-08-12T10:42:30+00:00\",\"dateModified\":\"2025-08-12T11:07:01+00:00\",\"breadcrumb\":{\"@id\":\"https:\\\/\\\/www.ranta-kivi.fi\\\/?page_id=107#breadcrumb\"},\"inLanguage\":\"en\",\"potentialAction\":[{\"@type\":\"ReadAction\",\"target\":[\"https:\\\/\\\/www.ranta-kivi.fi\\\/?page_id=107\"]}]},{\"@type\":\"BreadcrumbList\",\"@id\":\"https:\\\/\\\/www.ranta-kivi.fi\\\/?page_id=107#breadcrumb\",\"itemListElement\":[{\"@type\":\"ListItem\",\"position\":1,\"name\":\"Home\",\"item\":\"https:\\\/\\\/www.ranta-kivi.fi\\\/\"},{\"@type\":\"ListItem\",\"position\":2,\"name\":\"Yhteystiedot\"}]},{\"@type\":\"WebSite\",\"@id\":\"https:\\\/\\\/www.ranta-kivi.fi\\\/#website\",\"url\":\"https:\\\/\\\/www.ranta-kivi.fi\\\/\",\"name\":\"Ranta-Kivi\",\"description\":\"Ranta-Kivi Saarij&auml;rvi\",\"potentialAction\":[{\"@type\":\"SearchAction\",\"target\":{\"@type\":\"EntryPoint\",\"urlTemplate\":\"https:\\\/\\\/www.ranta-kivi.fi\\\/?s={search_term_string}\"},\"query-input\":{\"@type\":\"PropertyValueSpecification\",\"valueRequired\":true,\"valueName\":\"search_term_string\"}}],\"inLanguage\":\"en\"}]}<\/script>\n<!-- \/ Yoast SEO plugin. -->","yoast_head_json":{"title":"Yhteystiedot - Ranta-Kivi","robots":{"index":"index","follow":"follow","max-snippet":"max-snippet:-1","max-image-preview":"max-image-preview:large","max-video-preview":"max-video-preview:-1"},"canonical":"https:\/\/www.ranta-kivi.fi\/?page_id=107","og_locale":"en_US","og_type":"article","og_title":"Yhteystiedot - Ranta-Kivi","og_description":"Fixus Aukioloajat: Puh: Kahvio Aukioloajat: Puh: Jyv\u00e4skyl\u00e4ntie 34 43100 Saarij\u00e4rvi","og_url":"https:\/\/www.ranta-kivi.fi\/?page_id=107","og_site_name":"Ranta-Kivi","article_modified_time":"2025-08-12T11:07:01+00:00","twitter_card":"summary_large_image","twitter_misc":{"Est. reading time":"1 minute"},"schema":{"@context":"https:\/\/schema.org","@graph":[{"@type":"WebPage","@id":"https:\/\/www.ranta-kivi.fi\/?page_id=107","url":"https:\/\/www.ranta-kivi.fi\/?page_id=107","name":"Yhteystiedot - Ranta-Kivi","isPartOf":{"@id":"https:\/\/www.ranta-kivi.fi\/#website"},"datePublished":"2025-08-12T10:42:30+00:00","dateModified":"2025-08-12T11:07:01+00:00","breadcrumb":{"@id":"https:\/\/www.ranta-kivi.fi\/?page_id=107#breadcrumb"},"inLanguage":"en","potentialAction":[{"@type":"ReadAction","target":["https:\/\/www.ranta-kivi.fi\/?page_id=107"]}]},{"@type":"BreadcrumbList","@id":"https:\/\/www.ranta-kivi.fi\/?page_id=107#breadcrumb","itemListElement":[{"@type":"ListItem","position":1,"name":"Home","item":"https:\/\/www.ranta-kivi.fi\/"},{"@type":"ListItem","position":2,"name":"Yhteystiedot"}]},{"@type":"WebSite","@id":"https:\/\/www.ranta-kivi.fi\/#website","url":"https:\/\/www.ranta-kivi.fi\/","name":"Ranta-Kivi","description":"Ranta-Kivi Saarij&auml;rvi","potentialAction":[{"@type":"SearchAction","target":{"@type":"EntryPoint","urlTemplate":"https:\/\/www.ranta-kivi.fi\/?s={search_term_string}"},"query-input":{"@type":"PropertyValueSpecification","valueRequired":true,"valueName":"search_term_string"}}],"inLanguage":"en"}]}},"_links":{"self":[{"href":"https:\/\/www.ranta-kivi.fi\/index.php?rest_route=\/wp\/v2\/pages\/107","targetHints":{"allow":["GET"]}}],"collection":[{"href":"https:\/\/www.ranta-kivi.fi\/index.php?rest_route=\/wp\/v2\/pages"}],"about":[{"href":"https:\/\/www.ranta-kivi.fi\/index.php?rest_route=\/wp\/v2\/types\/page"}],"author":[{"embeddable":true,"href":"https:\/\/www.ranta-kivi.fi\/index.php?rest_route=\/wp\/v2\/users\/1"}],"replies":[{"embeddable":true,"href":"https:\/\/www.ranta-kivi.fi\/index.php?rest_route=%2Fwp%2Fv2%2Fcomments&post=107"}],"version-history":[{"count":4,"href":"https:\/\/www.ranta-kivi.fi\/index.php?rest_route=\/wp\/v2\/pages\/107\/revisions"}],"predecessor-version":[{"id":113,"href":"https:\/\/www.ranta-kivi.fi\/index.php?rest_route=\/wp\/v2\/pages\/107\/revisions\/113"}],"wp:attachment":[{"href":"https:\/\/www.ranta-kivi.fi\/index.php?rest_route=%2Fwp%2Fv2%2Fmedia&parent=107"}],"curies":[{"name":"wp","href":"https:\/\/api.w.org\/{rel}","templated":true}]}}