{"id":18,"date":"2024-07-17T09:21:07","date_gmt":"2024-07-17T09:21:07","guid":{"rendered":"https:\/\/www.ranta-kivi.fi\/?page_id=18"},"modified":"2024-07-24T18:12:22","modified_gmt":"2024-07-24T15:12:22","slug":"palvelumme","status":"publish","type":"page","link":"https:\/\/www.ranta-kivi.fi\/?page_id=18","title":{"rendered":"Muut palvelumme"},"content":{"rendered":"\n<div style=\"height:var(--wp--preset--spacing--50)\" aria-hidden=\"true\" class=\"wp-block-spacer\"><\/div>\n\n\n\n<div class=\"wp-block-group alignwide has-global-padding is-layout-constrained wp-block-group-is-layout-constrained\">\n<h1 class=\"wp-block-heading alignwide has-xx-large-font-size\" style=\"line-height:1.2\"><\/h1>\n\n\n\n<p>Meilt\u00e4 l\u00f6ytyy my\u00f6s autopesu, kalastusluvat, avainten teko ja per\u00e4k\u00e4rryjen vuokraus.<\/p>\n<\/div>\n\n\n\n<div class=\"wp-block-group alignfull has-global-padding is-layout-constrained wp-container-core-group-is-layout-b25ccd55 wp-block-group-is-layout-constrained\" style=\"margin-top:0;margin-bottom:0;padding-top:var(--wp--preset--spacing--50);padding-right:var(--wp--preset--spacing--50);padding-bottom:var(--wp--preset--spacing--50);padding-left:var(--wp--preset--spacing--50)\">\n<div class=\"wp-block-columns alignwide is-layout-flex wp-container-core-columns-is-layout-ff4b9c61 wp-block-columns-is-layout-flex\" style=\"margin-top:0;margin-bottom:0\">\n<div class=\"wp-block-column is-layout-flow wp-container-core-column-is-layout-8a368f38 wp-block-column-is-layout-flow\">\n\n\n<div style=\"height:var(--wp--preset--spacing--50)\" aria-hidden=\"true\" class=\"wp-block-spacer\"><\/div>\n\n\n\n\n\n<div style=\"height:var(--wp--preset--spacing--50)\" aria-hidden=\"true\" class=\"wp-block-spacer\"><\/div>\n\n\n<\/div>\n\n\n\n<div class=\"wp-block-column is-layout-flow wp-container-core-column-is-layout-8a368f38 wp-block-column-is-layout-flow\">\n<div style=\"height:var(--wp--preset--spacing--50)\" aria-hidden=\"true\" class=\"wp-block-spacer\"><\/div>\n\n\n\n\n\n<div style=\"height:var(--wp--preset--spacing--50)\" aria-hidden=\"true\" class=\"wp-block-spacer\"><\/div>\n\n\n\n\n\n<div style=\"height:var(--wp--preset--spacing--50)\" aria-hidden=\"true\" class=\"wp-block-spacer\"><\/div>\n\n\n<\/div>\n\n\n\n<div class=\"wp-block-column is-layout-flow wp-container-core-column-is-layout-8a368f38 wp-block-column-is-layout-flow\">\n\n\n<div style=\"height:var(--wp--preset--spacing--50)\" aria-hidden=\"true\" class=\"wp-block-spacer\"><\/div>\n\n\n\n\n\n<div style=\"height:var(--wp--preset--spacing--50)\" aria-hidden=\"true\" class=\"wp-block-spacer\"><\/div>\n\n\n<\/div>\n\n\n\n<div class=\"wp-block-column is-layout-flow wp-container-core-column-is-layout-8a368f38 wp-block-column-is-layout-flow\">\n<div style=\"height:var(--wp--preset--spacing--50)\" aria-hidden=\"true\" class=\"wp-block-spacer\"><\/div>\n\n\n\n\n\n<div style=\"height:var(--wp--preset--spacing--50)\" aria-hidden=\"true\" class=\"wp-block-spacer\"><\/div>\n\n\n\n\n\n<div style=\"height:var(--wp--preset--spacing--50)\" aria-hidden=\"true\" class=\"wp-block-spacer\"><\/div>\n\n\n<\/div>\n<\/div>\n<\/div>\n","protected":false},"excerpt":{"rendered":"<p>Meilt\u00e4 l\u00f6ytyy my\u00f6s autopesu, kalastusluvat, avainten teko ja per\u00e4k\u00e4rryjen vuokraus.<\/p>\n","protected":false},"author":1,"featured_media":0,"parent":0,"menu_order":0,"comment_status":"closed","ping_status":"closed","template":"","meta":{"footnotes":""},"class_list":["post-18","page","type-page","status-publish","hentry"],"yoast_head":"<!-- This site is optimized with the Yoast SEO plugin v27.3 - https:\/\/yoast.com\/product\/yoast-seo-wordpress\/ -->\n<title>Muut palvelumme - Ranta-Kivi<\/title>\n<meta name=\"robots\" content=\"index, follow, max-snippet:-1, max-image-preview:large, max-video-preview:-1\" \/>\n<link rel=\"canonical\" href=\"https:\/\/www.ranta-kivi.fi\/?page_id=18\" \/>\n<meta property=\"og:locale\" content=\"en_US\" \/>\n<meta property=\"og:type\" content=\"article\" \/>\n<meta property=\"og:title\" content=\"Muut palvelumme - Ranta-Kivi\" \/>\n<meta property=\"og:description\" content=\"Meilt\u00e4 l\u00f6ytyy my\u00f6s autopesu, kalastusluvat, avainten teko ja per\u00e4k\u00e4rryjen vuokraus.\" \/>\n<meta property=\"og:url\" content=\"https:\/\/www.ranta-kivi.fi\/?page_id=18\" \/>\n<meta property=\"og:site_name\" content=\"Ranta-Kivi\" \/>\n<meta property=\"article:modified_time\" content=\"2024-07-24T15:12:22+00:00\" \/>\n<meta name=\"twitter:card\" content=\"summary_large_image\" \/>\n<meta name=\"twitter:label1\" content=\"Est. reading time\" \/>\n\t<meta name=\"twitter:data1\" content=\"3 minutes\" \/>\n<script type=\"application\/ld+json\" class=\"yoast-schema-graph\">{\"@context\":\"https:\\\/\\\/schema.org\",\"@graph\":[{\"@type\":\"WebPage\",\"@id\":\"https:\\\/\\\/www.ranta-kivi.fi\\\/?page_id=18\",\"url\":\"https:\\\/\\\/www.ranta-kivi.fi\\\/?page_id=18\",\"name\":\"Muut palvelumme - Ranta-Kivi\",\"isPartOf\":{\"@id\":\"https:\\\/\\\/www.ranta-kivi.fi\\\/#website\"},\"datePublished\":\"2024-07-17T09:21:07+00:00\",\"dateModified\":\"2024-07-24T15:12:22+00:00\",\"breadcrumb\":{\"@id\":\"https:\\\/\\\/www.ranta-kivi.fi\\\/?page_id=18#breadcrumb\"},\"inLanguage\":\"en\",\"potentialAction\":[{\"@type\":\"ReadAction\",\"target\":[\"https:\\\/\\\/www.ranta-kivi.fi\\\/?page_id=18\"]}]},{\"@type\":\"BreadcrumbList\",\"@id\":\"https:\\\/\\\/www.ranta-kivi.fi\\\/?page_id=18#breadcrumb\",\"itemListElement\":[{\"@type\":\"ListItem\",\"position\":1,\"name\":\"Home\",\"item\":\"https:\\\/\\\/www.ranta-kivi.fi\\\/\"},{\"@type\":\"ListItem\",\"position\":2,\"name\":\"Muut palvelumme\"}]},{\"@type\":\"WebSite\",\"@id\":\"https:\\\/\\\/www.ranta-kivi.fi\\\/#website\",\"url\":\"https:\\\/\\\/www.ranta-kivi.fi\\\/\",\"name\":\"Ranta-Kivi\",\"description\":\"Ranta-Kivi Saarij&auml;rvi\",\"potentialAction\":[{\"@type\":\"SearchAction\",\"target\":{\"@type\":\"EntryPoint\",\"urlTemplate\":\"https:\\\/\\\/www.ranta-kivi.fi\\\/?s={search_term_string}\"},\"query-input\":{\"@type\":\"PropertyValueSpecification\",\"valueRequired\":true,\"valueName\":\"search_term_string\"}}],\"inLanguage\":\"en\"}]}<\/script>\n<!-- \/ Yoast SEO plugin. -->","yoast_head_json":{"title":"Muut palvelumme - Ranta-Kivi","robots":{"index":"index","follow":"follow","max-snippet":"max-snippet:-1","max-image-preview":"max-image-preview:large","max-video-preview":"max-video-preview:-1"},"canonical":"https:\/\/www.ranta-kivi.fi\/?page_id=18","og_locale":"en_US","og_type":"article","og_title":"Muut palvelumme - Ranta-Kivi","og_description":"Meilt\u00e4 l\u00f6ytyy my\u00f6s autopesu, kalastusluvat, avainten teko ja per\u00e4k\u00e4rryjen vuokraus.","og_url":"https:\/\/www.ranta-kivi.fi\/?page_id=18","og_site_name":"Ranta-Kivi","article_modified_time":"2024-07-24T15:12:22+00:00","twitter_card":"summary_large_image","twitter_misc":{"Est. reading time":"3 minutes"},"schema":{"@context":"https:\/\/schema.org","@graph":[{"@type":"WebPage","@id":"https:\/\/www.ranta-kivi.fi\/?page_id=18","url":"https:\/\/www.ranta-kivi.fi\/?page_id=18","name":"Muut palvelumme - Ranta-Kivi","isPartOf":{"@id":"https:\/\/www.ranta-kivi.fi\/#website"},"datePublished":"2024-07-17T09:21:07+00:00","dateModified":"2024-07-24T15:12:22+00:00","breadcrumb":{"@id":"https:\/\/www.ranta-kivi.fi\/?page_id=18#breadcrumb"},"inLanguage":"en","potentialAction":[{"@type":"ReadAction","target":["https:\/\/www.ranta-kivi.fi\/?page_id=18"]}]},{"@type":"BreadcrumbList","@id":"https:\/\/www.ranta-kivi.fi\/?page_id=18#breadcrumb","itemListElement":[{"@type":"ListItem","position":1,"name":"Home","item":"https:\/\/www.ranta-kivi.fi\/"},{"@type":"ListItem","position":2,"name":"Muut palvelumme"}]},{"@type":"WebSite","@id":"https:\/\/www.ranta-kivi.fi\/#website","url":"https:\/\/www.ranta-kivi.fi\/","name":"Ranta-Kivi","description":"Ranta-Kivi Saarij&auml;rvi","potentialAction":[{"@type":"SearchAction","target":{"@type":"EntryPoint","urlTemplate":"https:\/\/www.ranta-kivi.fi\/?s={search_term_string}"},"query-input":{"@type":"PropertyValueSpecification","valueRequired":true,"valueName":"search_term_string"}}],"inLanguage":"en"}]}},"_links":{"self":[{"href":"https:\/\/www.ranta-kivi.fi\/index.php?rest_route=\/wp\/v2\/pages\/18","targetHints":{"allow":["GET"]}}],"collection":[{"href":"https:\/\/www.ranta-kivi.fi\/index.php?rest_route=\/wp\/v2\/pages"}],"about":[{"href":"https:\/\/www.ranta-kivi.fi\/index.php?rest_route=\/wp\/v2\/types\/page"}],"author":[{"embeddable":true,"href":"https:\/\/www.ranta-kivi.fi\/index.php?rest_route=\/wp\/v2\/users\/1"}],"replies":[{"embeddable":true,"href":"https:\/\/www.ranta-kivi.fi\/index.php?rest_route=%2Fwp%2Fv2%2Fcomments&post=18"}],"version-history":[{"count":4,"href":"https:\/\/www.ranta-kivi.fi\/index.php?rest_route=\/wp\/v2\/pages\/18\/revisions"}],"predecessor-version":[{"id":69,"href":"https:\/\/www.ranta-kivi.fi\/index.php?rest_route=\/wp\/v2\/pages\/18\/revisions\/69"}],"wp:attachment":[{"href":"https:\/\/www.ranta-kivi.fi\/index.php?rest_route=%2Fwp%2Fv2%2Fmedia&parent=18"}],"curies":[{"name":"wp","href":"https:\/\/api.w.org\/{rel}","templated":true}]}}