{"id":36,"date":"2024-07-24T15:14:43","date_gmt":"2024-07-24T12:14:43","guid":{"rendered":"https:\/\/www.ranta-kivi.fi\/?page_id=36"},"modified":"2024-07-24T16:15:42","modified_gmt":"2024-07-24T13:15:42","slug":"fixus-autokorjaamo-autopesu","status":"publish","type":"page","link":"https:\/\/www.ranta-kivi.fi\/?page_id=36","title":{"rendered":"Fixus &#8211; Helppo kyll\u00e4."},"content":{"rendered":"\n<p>Meilt\u00e4 helposti kaikkea, mit\u00e4 autosi tarvitsee: varaosat, renkaat, m\u00e4\u00e4r\u00e4aikaishuollot ja korjaukset, diagnostiikka ja katsastushuollot. My\u00f6s moottoripy\u00f6rien huollot ja korjaukset. Ja takuu s\u00e4ilyy!<\/p>\n\n\n\n<figure class=\"wp-block-image size-full is-style-default\"><a href=\"https:\/\/fixus.fi\" target=\"_blank\" rel=\"noreferrer noopener\"><img loading=\"lazy\" decoding=\"async\" width=\"300\" height=\"157\" src=\"https:\/\/www.ranta-kivi.fi\/wp-content\/uploads\/2024\/07\/Fixus_logo.png\" alt=\"\" class=\"wp-image-51\"\/><\/a><\/figure>\n","protected":false},"excerpt":{"rendered":"<p>Meilt\u00e4 helposti kaikkea, mit\u00e4 autosi tarvitsee: varaosat, renkaat, m\u00e4\u00e4r\u00e4aikaishuollot ja korjaukset, diagnostiikka ja katsastushuollot. My\u00f6s moottoripy\u00f6rien huollot ja korjaukset. Ja takuu s\u00e4ilyy!<\/p>\n","protected":false},"author":1,"featured_media":0,"parent":0,"menu_order":0,"comment_status":"closed","ping_status":"closed","template":"","meta":{"footnotes":""},"class_list":["post-36","page","type-page","status-publish","hentry"],"yoast_head":"<!-- This site is optimized with the Yoast SEO plugin v27.3 - https:\/\/yoast.com\/product\/yoast-seo-wordpress\/ -->\n<title>Fixus - Helppo kyll\u00e4. - Ranta-Kivi<\/title>\n<meta name=\"description\" content=\"Saarij\u00e4rvi Autokorjaamo Varaosat Renkaat Autopesu\" \/>\n<meta name=\"robots\" content=\"index, follow, max-snippet:-1, max-image-preview:large, max-video-preview:-1\" \/>\n<link rel=\"canonical\" href=\"https:\/\/www.ranta-kivi.fi\/?page_id=36\" \/>\n<meta property=\"og:locale\" content=\"en_US\" \/>\n<meta property=\"og:type\" content=\"article\" \/>\n<meta property=\"og:title\" content=\"Fixus - Helppo kyll\u00e4. - Ranta-Kivi\" \/>\n<meta property=\"og:description\" content=\"Saarij\u00e4rvi Autokorjaamo Varaosat Renkaat Autopesu\" \/>\n<meta property=\"og:url\" content=\"https:\/\/www.ranta-kivi.fi\/?page_id=36\" \/>\n<meta property=\"og:site_name\" content=\"Ranta-Kivi\" \/>\n<meta property=\"article:modified_time\" content=\"2024-07-24T13:15:42+00:00\" \/>\n<meta property=\"og:image\" content=\"https:\/\/www.ranta-kivi.fi\/wp-content\/uploads\/2024\/07\/Fixus_logo.png\" \/>\n<meta name=\"twitter:card\" content=\"summary_large_image\" \/>\n<meta name=\"twitter:label1\" content=\"Est. reading time\" \/>\n\t<meta name=\"twitter:data1\" content=\"1 minute\" \/>\n<script type=\"application\/ld+json\" class=\"yoast-schema-graph\">{\"@context\":\"https:\\\/\\\/schema.org\",\"@graph\":[{\"@type\":\"WebPage\",\"@id\":\"https:\\\/\\\/www.ranta-kivi.fi\\\/?page_id=36\",\"url\":\"https:\\\/\\\/www.ranta-kivi.fi\\\/?page_id=36\",\"name\":\"Fixus - Helppo kyll\u00e4. - Ranta-Kivi\",\"isPartOf\":{\"@id\":\"https:\\\/\\\/www.ranta-kivi.fi\\\/#website\"},\"primaryImageOfPage\":{\"@id\":\"https:\\\/\\\/www.ranta-kivi.fi\\\/?page_id=36#primaryimage\"},\"image\":{\"@id\":\"https:\\\/\\\/www.ranta-kivi.fi\\\/?page_id=36#primaryimage\"},\"thumbnailUrl\":\"https:\\\/\\\/www.ranta-kivi.fi\\\/wp-content\\\/uploads\\\/2024\\\/07\\\/Fixus_logo.png\",\"datePublished\":\"2024-07-24T12:14:43+00:00\",\"dateModified\":\"2024-07-24T13:15:42+00:00\",\"description\":\"Saarij\u00e4rvi Autokorjaamo Varaosat Renkaat Autopesu\",\"breadcrumb\":{\"@id\":\"https:\\\/\\\/www.ranta-kivi.fi\\\/?page_id=36#breadcrumb\"},\"inLanguage\":\"en\",\"potentialAction\":[{\"@type\":\"ReadAction\",\"target\":[\"https:\\\/\\\/www.ranta-kivi.fi\\\/?page_id=36\"]}]},{\"@type\":\"ImageObject\",\"inLanguage\":\"en\",\"@id\":\"https:\\\/\\\/www.ranta-kivi.fi\\\/?page_id=36#primaryimage\",\"url\":\"https:\\\/\\\/www.ranta-kivi.fi\\\/wp-content\\\/uploads\\\/2024\\\/07\\\/Fixus_logo.png\",\"contentUrl\":\"https:\\\/\\\/www.ranta-kivi.fi\\\/wp-content\\\/uploads\\\/2024\\\/07\\\/Fixus_logo.png\",\"width\":300,\"height\":157},{\"@type\":\"BreadcrumbList\",\"@id\":\"https:\\\/\\\/www.ranta-kivi.fi\\\/?page_id=36#breadcrumb\",\"itemListElement\":[{\"@type\":\"ListItem\",\"position\":1,\"name\":\"Home\",\"item\":\"https:\\\/\\\/www.ranta-kivi.fi\\\/\"},{\"@type\":\"ListItem\",\"position\":2,\"name\":\"Fixus &#8211; Helppo kyll\u00e4.\"}]},{\"@type\":\"WebSite\",\"@id\":\"https:\\\/\\\/www.ranta-kivi.fi\\\/#website\",\"url\":\"https:\\\/\\\/www.ranta-kivi.fi\\\/\",\"name\":\"Ranta-Kivi\",\"description\":\"Ranta-Kivi Saarij&auml;rvi\",\"potentialAction\":[{\"@type\":\"SearchAction\",\"target\":{\"@type\":\"EntryPoint\",\"urlTemplate\":\"https:\\\/\\\/www.ranta-kivi.fi\\\/?s={search_term_string}\"},\"query-input\":{\"@type\":\"PropertyValueSpecification\",\"valueRequired\":true,\"valueName\":\"search_term_string\"}}],\"inLanguage\":\"en\"}]}<\/script>\n<!-- \/ Yoast SEO plugin. -->","yoast_head_json":{"title":"Fixus - Helppo kyll\u00e4. - Ranta-Kivi","description":"Saarij\u00e4rvi Autokorjaamo Varaosat Renkaat Autopesu","robots":{"index":"index","follow":"follow","max-snippet":"max-snippet:-1","max-image-preview":"max-image-preview:large","max-video-preview":"max-video-preview:-1"},"canonical":"https:\/\/www.ranta-kivi.fi\/?page_id=36","og_locale":"en_US","og_type":"article","og_title":"Fixus - Helppo kyll\u00e4. - Ranta-Kivi","og_description":"Saarij\u00e4rvi Autokorjaamo Varaosat Renkaat Autopesu","og_url":"https:\/\/www.ranta-kivi.fi\/?page_id=36","og_site_name":"Ranta-Kivi","article_modified_time":"2024-07-24T13:15:42+00:00","og_image":[{"url":"https:\/\/www.ranta-kivi.fi\/wp-content\/uploads\/2024\/07\/Fixus_logo.png","type":"","width":"","height":""}],"twitter_card":"summary_large_image","twitter_misc":{"Est. reading time":"1 minute"},"schema":{"@context":"https:\/\/schema.org","@graph":[{"@type":"WebPage","@id":"https:\/\/www.ranta-kivi.fi\/?page_id=36","url":"https:\/\/www.ranta-kivi.fi\/?page_id=36","name":"Fixus - Helppo kyll\u00e4. - Ranta-Kivi","isPartOf":{"@id":"https:\/\/www.ranta-kivi.fi\/#website"},"primaryImageOfPage":{"@id":"https:\/\/www.ranta-kivi.fi\/?page_id=36#primaryimage"},"image":{"@id":"https:\/\/www.ranta-kivi.fi\/?page_id=36#primaryimage"},"thumbnailUrl":"https:\/\/www.ranta-kivi.fi\/wp-content\/uploads\/2024\/07\/Fixus_logo.png","datePublished":"2024-07-24T12:14:43+00:00","dateModified":"2024-07-24T13:15:42+00:00","description":"Saarij\u00e4rvi Autokorjaamo Varaosat Renkaat Autopesu","breadcrumb":{"@id":"https:\/\/www.ranta-kivi.fi\/?page_id=36#breadcrumb"},"inLanguage":"en","potentialAction":[{"@type":"ReadAction","target":["https:\/\/www.ranta-kivi.fi\/?page_id=36"]}]},{"@type":"ImageObject","inLanguage":"en","@id":"https:\/\/www.ranta-kivi.fi\/?page_id=36#primaryimage","url":"https:\/\/www.ranta-kivi.fi\/wp-content\/uploads\/2024\/07\/Fixus_logo.png","contentUrl":"https:\/\/www.ranta-kivi.fi\/wp-content\/uploads\/2024\/07\/Fixus_logo.png","width":300,"height":157},{"@type":"BreadcrumbList","@id":"https:\/\/www.ranta-kivi.fi\/?page_id=36#breadcrumb","itemListElement":[{"@type":"ListItem","position":1,"name":"Home","item":"https:\/\/www.ranta-kivi.fi\/"},{"@type":"ListItem","position":2,"name":"Fixus &#8211; Helppo kyll\u00e4."}]},{"@type":"WebSite","@id":"https:\/\/www.ranta-kivi.fi\/#website","url":"https:\/\/www.ranta-kivi.fi\/","name":"Ranta-Kivi","description":"Ranta-Kivi Saarij&auml;rvi","potentialAction":[{"@type":"SearchAction","target":{"@type":"EntryPoint","urlTemplate":"https:\/\/www.ranta-kivi.fi\/?s={search_term_string}"},"query-input":{"@type":"PropertyValueSpecification","valueRequired":true,"valueName":"search_term_string"}}],"inLanguage":"en"}]}},"_links":{"self":[{"href":"https:\/\/www.ranta-kivi.fi\/index.php?rest_route=\/wp\/v2\/pages\/36","targetHints":{"allow":["GET"]}}],"collection":[{"href":"https:\/\/www.ranta-kivi.fi\/index.php?rest_route=\/wp\/v2\/pages"}],"about":[{"href":"https:\/\/www.ranta-kivi.fi\/index.php?rest_route=\/wp\/v2\/types\/page"}],"author":[{"embeddable":true,"href":"https:\/\/www.ranta-kivi.fi\/index.php?rest_route=\/wp\/v2\/users\/1"}],"replies":[{"embeddable":true,"href":"https:\/\/www.ranta-kivi.fi\/index.php?rest_route=%2Fwp%2Fv2%2Fcomments&post=36"}],"version-history":[{"count":7,"href":"https:\/\/www.ranta-kivi.fi\/index.php?rest_route=\/wp\/v2\/pages\/36\/revisions"}],"predecessor-version":[{"id":58,"href":"https:\/\/www.ranta-kivi.fi\/index.php?rest_route=\/wp\/v2\/pages\/36\/revisions\/58"}],"wp:attachment":[{"href":"https:\/\/www.ranta-kivi.fi\/index.php?rest_route=%2Fwp%2Fv2%2Fmedia&parent=36"}],"curies":[{"name":"wp","href":"https:\/\/api.w.org\/{rel}","templated":true}]}}