{"id":37,"date":"2024-07-24T15:14:43","date_gmt":"2024-07-24T12:14:43","guid":{"rendered":"https:\/\/www.ranta-kivi.fi\/?page_id=37"},"modified":"2025-08-12T13:29:01","modified_gmt":"2025-08-12T10:29:01","slug":"kahvila","status":"publish","type":"page","link":"https:\/\/www.ranta-kivi.fi\/?page_id=37","title":{"rendered":"Kahvio-Ravintola"},"content":{"rendered":"\n<p>Terassillamme p\u00e4\u00e4set nauttimaan pehmikset, virvokkeista, pikkusy\u00f6misist\u00e4, Rolls-aterioista, sek\u00e4 vaikkapa herkullisesta lohikeitostamme.<\/p>\n\n\n\n<figure class=\"wp-block-image size-full\"><a href=\"https:\/\/rolls.fi\" target=\"_blank\" rel=\"noreferrer noopener\"><img loading=\"lazy\" decoding=\"async\" width=\"200\" height=\"122\" src=\"https:\/\/www.ranta-kivi.fi\/wp-content\/uploads\/2024\/07\/rollslogo.png\" alt=\"\" class=\"wp-image-67\"\/><\/a><\/figure>\n","protected":false},"excerpt":{"rendered":"<p>Terassillamme p\u00e4\u00e4set nauttimaan pehmikset, virvokkeista, pikkusy\u00f6misist\u00e4, Rolls-aterioista, sek\u00e4 vaikkapa herkullisesta lohikeitostamme.<\/p>\n","protected":false},"author":1,"featured_media":0,"parent":0,"menu_order":0,"comment_status":"closed","ping_status":"closed","template":"","meta":{"footnotes":""},"class_list":["post-37","page","type-page","status-publish","hentry"],"yoast_head":"<!-- This site is optimized with the Yoast SEO plugin v27.3 - https:\/\/yoast.com\/product\/yoast-seo-wordpress\/ -->\n<title>Kahvio-Ravintola - Ranta-Kivi<\/title>\n<meta name=\"robots\" content=\"index, follow, max-snippet:-1, max-image-preview:large, max-video-preview:-1\" \/>\n<link rel=\"canonical\" href=\"https:\/\/www.ranta-kivi.fi\/?page_id=37\" \/>\n<meta property=\"og:locale\" content=\"en_US\" \/>\n<meta property=\"og:type\" content=\"article\" \/>\n<meta property=\"og:title\" content=\"Kahvio-Ravintola - Ranta-Kivi\" \/>\n<meta property=\"og:description\" content=\"Terassillamme p\u00e4\u00e4set nauttimaan pehmikset, virvokkeista, pikkusy\u00f6misist\u00e4, Rolls-aterioista, sek\u00e4 vaikkapa herkullisesta lohikeitostamme.\" \/>\n<meta property=\"og:url\" content=\"https:\/\/www.ranta-kivi.fi\/?page_id=37\" \/>\n<meta property=\"og:site_name\" content=\"Ranta-Kivi\" \/>\n<meta property=\"article:modified_time\" content=\"2025-08-12T10:29:01+00:00\" \/>\n<meta property=\"og:image\" content=\"https:\/\/www.ranta-kivi.fi\/wp-content\/uploads\/2024\/07\/rollslogo.png\" \/>\n\t<meta property=\"og:image:width\" content=\"200\" \/>\n\t<meta property=\"og:image:height\" content=\"122\" \/>\n\t<meta property=\"og:image:type\" content=\"image\/png\" \/>\n<meta name=\"twitter:card\" content=\"summary_large_image\" \/>\n<meta name=\"twitter:label1\" content=\"Est. reading time\" \/>\n\t<meta name=\"twitter:data1\" content=\"1 minute\" \/>\n<script type=\"application\/ld+json\" class=\"yoast-schema-graph\">{\"@context\":\"https:\\\/\\\/schema.org\",\"@graph\":[{\"@type\":\"WebPage\",\"@id\":\"https:\\\/\\\/www.ranta-kivi.fi\\\/?page_id=37\",\"url\":\"https:\\\/\\\/www.ranta-kivi.fi\\\/?page_id=37\",\"name\":\"Kahvio-Ravintola - Ranta-Kivi\",\"isPartOf\":{\"@id\":\"https:\\\/\\\/www.ranta-kivi.fi\\\/#website\"},\"primaryImageOfPage\":{\"@id\":\"https:\\\/\\\/www.ranta-kivi.fi\\\/?page_id=37#primaryimage\"},\"image\":{\"@id\":\"https:\\\/\\\/www.ranta-kivi.fi\\\/?page_id=37#primaryimage\"},\"thumbnailUrl\":\"https:\\\/\\\/www.ranta-kivi.fi\\\/wp-content\\\/uploads\\\/2024\\\/07\\\/rollslogo.png\",\"datePublished\":\"2024-07-24T12:14:43+00:00\",\"dateModified\":\"2025-08-12T10:29:01+00:00\",\"breadcrumb\":{\"@id\":\"https:\\\/\\\/www.ranta-kivi.fi\\\/?page_id=37#breadcrumb\"},\"inLanguage\":\"en\",\"potentialAction\":[{\"@type\":\"ReadAction\",\"target\":[\"https:\\\/\\\/www.ranta-kivi.fi\\\/?page_id=37\"]}]},{\"@type\":\"ImageObject\",\"inLanguage\":\"en\",\"@id\":\"https:\\\/\\\/www.ranta-kivi.fi\\\/?page_id=37#primaryimage\",\"url\":\"https:\\\/\\\/www.ranta-kivi.fi\\\/wp-content\\\/uploads\\\/2024\\\/07\\\/rollslogo.png\",\"contentUrl\":\"https:\\\/\\\/www.ranta-kivi.fi\\\/wp-content\\\/uploads\\\/2024\\\/07\\\/rollslogo.png\",\"width\":200,\"height\":122},{\"@type\":\"BreadcrumbList\",\"@id\":\"https:\\\/\\\/www.ranta-kivi.fi\\\/?page_id=37#breadcrumb\",\"itemListElement\":[{\"@type\":\"ListItem\",\"position\":1,\"name\":\"Home\",\"item\":\"https:\\\/\\\/www.ranta-kivi.fi\\\/\"},{\"@type\":\"ListItem\",\"position\":2,\"name\":\"Kahvio-Ravintola\"}]},{\"@type\":\"WebSite\",\"@id\":\"https:\\\/\\\/www.ranta-kivi.fi\\\/#website\",\"url\":\"https:\\\/\\\/www.ranta-kivi.fi\\\/\",\"name\":\"Ranta-Kivi\",\"description\":\"Ranta-Kivi Saarij&auml;rvi\",\"potentialAction\":[{\"@type\":\"SearchAction\",\"target\":{\"@type\":\"EntryPoint\",\"urlTemplate\":\"https:\\\/\\\/www.ranta-kivi.fi\\\/?s={search_term_string}\"},\"query-input\":{\"@type\":\"PropertyValueSpecification\",\"valueRequired\":true,\"valueName\":\"search_term_string\"}}],\"inLanguage\":\"en\"}]}<\/script>\n<!-- \/ Yoast SEO plugin. -->","yoast_head_json":{"title":"Kahvio-Ravintola - Ranta-Kivi","robots":{"index":"index","follow":"follow","max-snippet":"max-snippet:-1","max-image-preview":"max-image-preview:large","max-video-preview":"max-video-preview:-1"},"canonical":"https:\/\/www.ranta-kivi.fi\/?page_id=37","og_locale":"en_US","og_type":"article","og_title":"Kahvio-Ravintola - Ranta-Kivi","og_description":"Terassillamme p\u00e4\u00e4set nauttimaan pehmikset, virvokkeista, pikkusy\u00f6misist\u00e4, Rolls-aterioista, sek\u00e4 vaikkapa herkullisesta lohikeitostamme.","og_url":"https:\/\/www.ranta-kivi.fi\/?page_id=37","og_site_name":"Ranta-Kivi","article_modified_time":"2025-08-12T10:29:01+00:00","og_image":[{"width":200,"height":122,"url":"https:\/\/www.ranta-kivi.fi\/wp-content\/uploads\/2024\/07\/rollslogo.png","type":"image\/png"}],"twitter_card":"summary_large_image","twitter_misc":{"Est. reading time":"1 minute"},"schema":{"@context":"https:\/\/schema.org","@graph":[{"@type":"WebPage","@id":"https:\/\/www.ranta-kivi.fi\/?page_id=37","url":"https:\/\/www.ranta-kivi.fi\/?page_id=37","name":"Kahvio-Ravintola - Ranta-Kivi","isPartOf":{"@id":"https:\/\/www.ranta-kivi.fi\/#website"},"primaryImageOfPage":{"@id":"https:\/\/www.ranta-kivi.fi\/?page_id=37#primaryimage"},"image":{"@id":"https:\/\/www.ranta-kivi.fi\/?page_id=37#primaryimage"},"thumbnailUrl":"https:\/\/www.ranta-kivi.fi\/wp-content\/uploads\/2024\/07\/rollslogo.png","datePublished":"2024-07-24T12:14:43+00:00","dateModified":"2025-08-12T10:29:01+00:00","breadcrumb":{"@id":"https:\/\/www.ranta-kivi.fi\/?page_id=37#breadcrumb"},"inLanguage":"en","potentialAction":[{"@type":"ReadAction","target":["https:\/\/www.ranta-kivi.fi\/?page_id=37"]}]},{"@type":"ImageObject","inLanguage":"en","@id":"https:\/\/www.ranta-kivi.fi\/?page_id=37#primaryimage","url":"https:\/\/www.ranta-kivi.fi\/wp-content\/uploads\/2024\/07\/rollslogo.png","contentUrl":"https:\/\/www.ranta-kivi.fi\/wp-content\/uploads\/2024\/07\/rollslogo.png","width":200,"height":122},{"@type":"BreadcrumbList","@id":"https:\/\/www.ranta-kivi.fi\/?page_id=37#breadcrumb","itemListElement":[{"@type":"ListItem","position":1,"name":"Home","item":"https:\/\/www.ranta-kivi.fi\/"},{"@type":"ListItem","position":2,"name":"Kahvio-Ravintola"}]},{"@type":"WebSite","@id":"https:\/\/www.ranta-kivi.fi\/#website","url":"https:\/\/www.ranta-kivi.fi\/","name":"Ranta-Kivi","description":"Ranta-Kivi Saarij&auml;rvi","potentialAction":[{"@type":"SearchAction","target":{"@type":"EntryPoint","urlTemplate":"https:\/\/www.ranta-kivi.fi\/?s={search_term_string}"},"query-input":{"@type":"PropertyValueSpecification","valueRequired":true,"valueName":"search_term_string"}}],"inLanguage":"en"}]}},"_links":{"self":[{"href":"https:\/\/www.ranta-kivi.fi\/index.php?rest_route=\/wp\/v2\/pages\/37","targetHints":{"allow":["GET"]}}],"collection":[{"href":"https:\/\/www.ranta-kivi.fi\/index.php?rest_route=\/wp\/v2\/pages"}],"about":[{"href":"https:\/\/www.ranta-kivi.fi\/index.php?rest_route=\/wp\/v2\/types\/page"}],"author":[{"embeddable":true,"href":"https:\/\/www.ranta-kivi.fi\/index.php?rest_route=\/wp\/v2\/users\/1"}],"replies":[{"embeddable":true,"href":"https:\/\/www.ranta-kivi.fi\/index.php?rest_route=%2Fwp%2Fv2%2Fcomments&post=37"}],"version-history":[{"count":8,"href":"https:\/\/www.ranta-kivi.fi\/index.php?rest_route=\/wp\/v2\/pages\/37\/revisions"}],"predecessor-version":[{"id":100,"href":"https:\/\/www.ranta-kivi.fi\/index.php?rest_route=\/wp\/v2\/pages\/37\/revisions\/100"}],"wp:attachment":[{"href":"https:\/\/www.ranta-kivi.fi\/index.php?rest_route=%2Fwp%2Fv2%2Fmedia&parent=37"}],"curies":[{"name":"wp","href":"https:\/\/api.w.org\/{rel}","templated":true}]}}